{"id":1555,"date":"2023-03-26T18:53:00","date_gmt":"2023-03-26T22:53:00","guid":{"rendered":"https:\/\/classicdogspetscare.com\/?post_type=product&#038;p=1555"},"modified":"2025-05-06T12:47:28","modified_gmt":"2025-05-06T16:47:28","slug":"artero-parfum-for-dogs","status":"publish","type":"product","link":"https:\/\/classicdogspetscare.com\/es\/producto\/artero-parfum-for-dogs\/","title":{"rendered":"Artero Perfume para Perros"},"content":{"rendered":"<p class=\"p1\">Mant\u00e9n a tu amigo peludo con un olor fresco y limpio. El aroma ha sido dise\u00f1ado espec\u00edficamente para mascotas, lo que garantiza una f\u00f3rmula suave y no t\u00f3xica que no da\u00f1ar\u00e1 su delicado sentido del olfato.<\/p>\n<p class=\"p1\">La botella de spray hace que sea incre\u00edblemente f\u00e1cil de aplicar, lo que le permite distribuir el aroma de manera uniforme sin irritar los ojos o la nariz de su mascota. Nuestro aroma es duradero, por lo que puede estar seguro de que su mascota tendr\u00e1 un olor fresco durante d\u00edas, dej\u00e1ndolo feliz y contento.<\/p>\n<p class=\"p1\">Nuestro Perfume Profesional para perros est\u00e1 disponible en varias fragancias que han sido especialmente elegidas para imitar algunos de los mejores aromas de la naturaleza. Hay una fragancia para cada mascota, ya sea que prefiera un aroma floral c\u00e1lido o un aroma fresco y refrescante.<\/p>\n<p class=\"p1\">Nuestro Perfume Profesional para perros es perfecto para las mascotas a las que les encanta pasar tiempo al aire libre, revolcarse en el barro o realizar actividades al aire libre con frecuencia. El aroma trabaja para enmascarar los olores desagradables y proporciona un aroma refrescante dise\u00f1ado para disminuir la intensidad de los olores fuertes.<\/p>\n<p class=\"p1\">En general, nuestro Perfume Profesional para perros en spray es un accesorio imprescindible para las personas que quieren mantener a sus mascotas con un olor fresco y limpio. La f\u00f3rmula no t\u00f3xica y f\u00e1cil de usar, combinada con las fragancias de alta calidad, garantiza que su mascota huela genial durante d\u00edas. \u00a1As\u00ed que no se demore, agregue nuestro Parfum profesional para perros a su rutina de aseo hoy y disfrute de aromas refrescantes y duraderos para sus amigos peludos!<\/p>","protected":false},"excerpt":{"rendered":"<p class=\"p1\">Nuestro Perfume Profesional para perros es la manera perfecta de mantener a tu amigo peludo con un olor fresco y limpio despu\u00e9s de cada sesi\u00f3n de aseo. Con una f\u00f3rmula no t\u00f3xica y una pr\u00e1ctica botella con atomizador, esta fragancia es f\u00e1cil de aplicar y dejar\u00e1 a tu mascota con un olor excelente durante d\u00edas.<\/p>","protected":false},"featured_media":1556,"template":"","meta":{"site-sidebar-layout":"default","site-content-layout":"default","ast-site-content-layout":"default","site-content-style":"default","site-sidebar-style":"default","ast-global-header-display":"","ast-banner-title-visibility":"","ast-main-header-display":"","ast-hfb-above-header-display":"","ast-hfb-below-header-display":"","ast-hfb-mobile-header-display":"","site-post-title":"","ast-breadcrumbs-content":"","ast-featured-img":"","footer-sml-layout":"","ast-disable-related-posts":"","theme-transparent-header-meta":"default","adv-header-id-meta":"","stick-header-meta":"","header-above-stick-meta":"","header-main-stick-meta":"","header-below-stick-meta":"","astra-migrate-meta-layouts":"default","ast-page-background-enabled":"default","ast-page-background-meta":{"desktop":{"background-color":"","background-image":"","background-repeat":"repeat","background-position":"center center","background-size":"auto","background-attachment":"scroll","background-type":"","background-media":"","overlay-type":"","overlay-color":"","overlay-opacity":"","overlay-gradient":""},"tablet":{"background-color":"","background-image":"","background-repeat":"repeat","background-position":"center center","background-size":"auto","background-attachment":"scroll","background-type":"","background-media":"","overlay-type":"","overlay-color":"","overlay-opacity":"","overlay-gradient":""},"mobile":{"background-color":"","background-image":"","background-repeat":"repeat","background-position":"center center","background-size":"auto","background-attachment":"scroll","background-type":"","background-media":"","overlay-type":"","overlay-color":"","overlay-opacity":"","overlay-gradient":""}},"ast-content-background-meta":{"desktop":{"background-color":"var(--ast-global-color-5)","background-image":"","background-repeat":"repeat","background-position":"center center","background-size":"auto","background-attachment":"scroll","background-type":"","background-media":"","overlay-type":"","overlay-color":"","overlay-opacity":"","overlay-gradient":""},"tablet":{"background-color":"var(--ast-global-color-5)","background-image":"","background-repeat":"repeat","background-position":"center center","background-size":"auto","background-attachment":"scroll","background-type":"","background-media":"","overlay-type":"","overlay-color":"","overlay-opacity":"","overlay-gradient":""},"mobile":{"background-color":"var(--ast-global-color-5)","background-image":"","background-repeat":"repeat","background-position":"center center","background-size":"auto","background-attachment":"scroll","background-type":"","background-media":"","overlay-type":"","overlay-color":"","overlay-opacity":"","overlay-gradient":""}},"_joinchat":[]},"product_brand":[],"product_cat":[28,55,26],"product_tag":[],"class_list":{"0":"post-1555","1":"product","2":"type-product","3":"status-publish","4":"has-post-thumbnail","6":"product_cat-classic-dogs","7":"product_cat-grooming-products-and-tools","8":"product_cat-parfum","9":"desktop-align-center","10":"tablet-align-left","11":"mobile-align-left","13":"first","14":"instock","15":"taxable","16":"shipping-taxable","17":"purchasable","18":"product-type-variable"},"yoast_head":"<!-- This site is optimized with the Yoast SEO plugin v27.2 - https:\/\/yoast.com\/product\/yoast-seo-wordpress\/ -->\n<title>Artero Parfum for Dogs | Classic Dogs Pets Care<\/title>\n<meta name=\"description\" content=\"Our Professional Parfum for dogs is the perfect way to keep your furry friend smelling fresh and clean after every grooming session.\" \/>\n<meta name=\"robots\" content=\"index, follow, max-snippet:-1, max-image-preview:large, max-video-preview:-1\" \/>\n<link rel=\"canonical\" href=\"https:\/\/classicdogspetscare.com\/es\/producto\/artero-parfum-for-dogs\/\" \/>\n<meta property=\"og:locale\" content=\"es_ES\" \/>\n<meta property=\"og:type\" content=\"article\" \/>\n<meta property=\"og:title\" content=\"Artero Parfum for Dogs | Classic Dogs Pets Care\" \/>\n<meta property=\"og:description\" content=\"Our Professional Parfum for dogs is the perfect way to keep your furry friend smelling fresh and clean after every grooming session.\" \/>\n<meta property=\"og:url\" content=\"https:\/\/classicdogspetscare.com\/es\/producto\/artero-parfum-for-dogs\/\" \/>\n<meta property=\"og:site_name\" content=\"Classic Dogs Pets Care\" \/>\n<meta property=\"article:publisher\" content=\"https:\/\/www.facebook.com\/classicdogsmiami\" \/>\n<meta property=\"article:modified_time\" content=\"2025-05-06T16:47:28+00:00\" \/>\n<meta property=\"og:image\" content=\"https:\/\/classicdogspetscare.com\/wp-content\/uploads\/2023\/03\/Artero1.jpg\" \/>\n\t<meta property=\"og:image:width\" content=\"1024\" \/>\n\t<meta property=\"og:image:height\" content=\"1024\" \/>\n\t<meta property=\"og:image:type\" content=\"image\/jpeg\" \/>\n<meta name=\"twitter:card\" content=\"summary_large_image\" \/>\n<meta name=\"twitter:site\" content=\"@classicdogsMIA\" \/>\n<meta name=\"twitter:label1\" content=\"Tiempo de lectura\" \/>\n\t<meta name=\"twitter:data1\" content=\"1 minuto\" \/>\n<script type=\"application\/ld+json\" class=\"yoast-schema-graph\">{\"@context\":\"https:\/\/schema.org\",\"@graph\":[{\"@type\":\"WebPage\",\"@id\":\"https:\/\/classicdogspetscare.com\/product\/artero-parfum-for-dogs\/\",\"url\":\"https:\/\/classicdogspetscare.com\/product\/artero-parfum-for-dogs\/\",\"name\":\"Artero Parfum for Dogs | Classic Dogs Pets Care\",\"isPartOf\":{\"@id\":\"https:\/\/classicdogspetscare.com\/#website\"},\"primaryImageOfPage\":{\"@id\":\"https:\/\/classicdogspetscare.com\/product\/artero-parfum-for-dogs\/#primaryimage\"},\"image\":{\"@id\":\"https:\/\/classicdogspetscare.com\/product\/artero-parfum-for-dogs\/#primaryimage\"},\"thumbnailUrl\":\"https:\/\/classicdogspetscare.com\/wp-content\/uploads\/2023\/03\/Artero1.jpg\",\"datePublished\":\"2023-03-26T22:53:00+00:00\",\"dateModified\":\"2025-05-06T16:47:28+00:00\",\"description\":\"Our Professional Parfum for dogs is the perfect way to keep your furry friend smelling fresh and clean after every grooming session.\",\"breadcrumb\":{\"@id\":\"https:\/\/classicdogspetscare.com\/product\/artero-parfum-for-dogs\/#breadcrumb\"},\"inLanguage\":\"es\",\"potentialAction\":[{\"@type\":\"ReadAction\",\"target\":[\"https:\/\/classicdogspetscare.com\/product\/artero-parfum-for-dogs\/\"]}]},{\"@type\":\"ImageObject\",\"inLanguage\":\"es\",\"@id\":\"https:\/\/classicdogspetscare.com\/product\/artero-parfum-for-dogs\/#primaryimage\",\"url\":\"https:\/\/classicdogspetscare.com\/wp-content\/uploads\/2023\/03\/Artero1.jpg\",\"contentUrl\":\"https:\/\/classicdogspetscare.com\/wp-content\/uploads\/2023\/03\/Artero1.jpg\",\"width\":1024,\"height\":1024},{\"@type\":\"BreadcrumbList\",\"@id\":\"https:\/\/classicdogspetscare.com\/product\/artero-parfum-for-dogs\/#breadcrumb\",\"itemListElement\":[{\"@type\":\"ListItem\",\"position\":1,\"name\":\"Home\",\"item\":\"https:\/\/classicdogspetscare.com\/\"},{\"@type\":\"ListItem\",\"position\":2,\"name\":\"Shop\",\"item\":\"https:\/\/classicdogspetscare.com\/shop\/\"},{\"@type\":\"ListItem\",\"position\":3,\"name\":\"Artero Parfum for Dogs\"}]},{\"@type\":\"WebSite\",\"@id\":\"https:\/\/classicdogspetscare.com\/#website\",\"url\":\"https:\/\/classicdogspetscare.com\/\",\"name\":\"Classic Dogs Pets Care\",\"description\":\"More than Grooming\",\"publisher\":{\"@id\":\"https:\/\/classicdogspetscare.com\/#organization\"},\"potentialAction\":[{\"@type\":\"SearchAction\",\"target\":{\"@type\":\"EntryPoint\",\"urlTemplate\":\"https:\/\/classicdogspetscare.com\/?s={search_term_string}\"},\"query-input\":{\"@type\":\"PropertyValueSpecification\",\"valueRequired\":true,\"valueName\":\"search_term_string\"}}],\"inLanguage\":\"es\"},{\"@type\":\"Organization\",\"@id\":\"https:\/\/classicdogspetscare.com\/#organization\",\"name\":\"Classic Dogs Pets Care\",\"url\":\"https:\/\/classicdogspetscare.com\/\",\"logo\":{\"@type\":\"ImageObject\",\"inLanguage\":\"es\",\"@id\":\"https:\/\/classicdogspetscare.com\/#\/schema\/logo\/image\/\",\"url\":\"https:\/\/classicdogspetscare.com\/wp-content\/uploads\/2023\/03\/Classic-Dogs-Miami-Logo.png\",\"contentUrl\":\"https:\/\/classicdogspetscare.com\/wp-content\/uploads\/2023\/03\/Classic-Dogs-Miami-Logo.png\",\"width\":244,\"height\":106,\"caption\":\"Classic Dogs Pets Care\"},\"image\":{\"@id\":\"https:\/\/classicdogspetscare.com\/#\/schema\/logo\/image\/\"},\"sameAs\":[\"https:\/\/www.facebook.com\/classicdogsmiami\",\"https:\/\/x.com\/classicdogsMIA\",\"https:\/\/www.instagram.com\/classicdogsmiami\/\"]}]}<\/script>\n<!-- \/ Yoast SEO plugin. -->","yoast_head_json":{"title":"Artero Parfum for Dogs | Classic Dogs Pets Care","description":"Our Professional Parfum for dogs is the perfect way to keep your furry friend smelling fresh and clean after every grooming session.","robots":{"index":"index","follow":"follow","max-snippet":"max-snippet:-1","max-image-preview":"max-image-preview:large","max-video-preview":"max-video-preview:-1"},"canonical":"https:\/\/classicdogspetscare.com\/es\/producto\/artero-parfum-for-dogs\/","og_locale":"es_ES","og_type":"article","og_title":"Artero Parfum for Dogs | Classic Dogs Pets Care","og_description":"Our Professional Parfum for dogs is the perfect way to keep your furry friend smelling fresh and clean after every grooming session.","og_url":"https:\/\/classicdogspetscare.com\/es\/producto\/artero-parfum-for-dogs\/","og_site_name":"Classic Dogs Pets Care","article_publisher":"https:\/\/www.facebook.com\/classicdogsmiami","article_modified_time":"2025-05-06T16:47:28+00:00","og_image":[{"width":1024,"height":1024,"url":"https:\/\/classicdogspetscare.com\/wp-content\/uploads\/2023\/03\/Artero1.jpg","type":"image\/jpeg"}],"twitter_card":"summary_large_image","twitter_site":"@classicdogsMIA","twitter_misc":{"Tiempo de lectura":"1 minuto"},"schema":{"@context":"https:\/\/schema.org","@graph":[{"@type":"WebPage","@id":"https:\/\/classicdogspetscare.com\/product\/artero-parfum-for-dogs\/","url":"https:\/\/classicdogspetscare.com\/product\/artero-parfum-for-dogs\/","name":"Artero Parfum for Dogs | Classic Dogs Pets Care","isPartOf":{"@id":"https:\/\/classicdogspetscare.com\/#website"},"primaryImageOfPage":{"@id":"https:\/\/classicdogspetscare.com\/product\/artero-parfum-for-dogs\/#primaryimage"},"image":{"@id":"https:\/\/classicdogspetscare.com\/product\/artero-parfum-for-dogs\/#primaryimage"},"thumbnailUrl":"https:\/\/classicdogspetscare.com\/wp-content\/uploads\/2023\/03\/Artero1.jpg","datePublished":"2023-03-26T22:53:00+00:00","dateModified":"2025-05-06T16:47:28+00:00","description":"Our Professional Parfum for dogs is the perfect way to keep your furry friend smelling fresh and clean after every grooming session.","breadcrumb":{"@id":"https:\/\/classicdogspetscare.com\/product\/artero-parfum-for-dogs\/#breadcrumb"},"inLanguage":"es","potentialAction":[{"@type":"ReadAction","target":["https:\/\/classicdogspetscare.com\/product\/artero-parfum-for-dogs\/"]}]},{"@type":"ImageObject","inLanguage":"es","@id":"https:\/\/classicdogspetscare.com\/product\/artero-parfum-for-dogs\/#primaryimage","url":"https:\/\/classicdogspetscare.com\/wp-content\/uploads\/2023\/03\/Artero1.jpg","contentUrl":"https:\/\/classicdogspetscare.com\/wp-content\/uploads\/2023\/03\/Artero1.jpg","width":1024,"height":1024},{"@type":"BreadcrumbList","@id":"https:\/\/classicdogspetscare.com\/product\/artero-parfum-for-dogs\/#breadcrumb","itemListElement":[{"@type":"ListItem","position":1,"name":"Home","item":"https:\/\/classicdogspetscare.com\/"},{"@type":"ListItem","position":2,"name":"Shop","item":"https:\/\/classicdogspetscare.com\/shop\/"},{"@type":"ListItem","position":3,"name":"Artero Parfum for Dogs"}]},{"@type":"WebSite","@id":"https:\/\/classicdogspetscare.com\/#website","url":"https:\/\/classicdogspetscare.com\/","name":"Classic Dogs Pets Care","description":"More than Grooming","publisher":{"@id":"https:\/\/classicdogspetscare.com\/#organization"},"potentialAction":[{"@type":"SearchAction","target":{"@type":"EntryPoint","urlTemplate":"https:\/\/classicdogspetscare.com\/?s={search_term_string}"},"query-input":{"@type":"PropertyValueSpecification","valueRequired":true,"valueName":"search_term_string"}}],"inLanguage":"es"},{"@type":"Organization","@id":"https:\/\/classicdogspetscare.com\/#organization","name":"Classic Dogs Pets Care","url":"https:\/\/classicdogspetscare.com\/","logo":{"@type":"ImageObject","inLanguage":"es","@id":"https:\/\/classicdogspetscare.com\/#\/schema\/logo\/image\/","url":"https:\/\/classicdogspetscare.com\/wp-content\/uploads\/2023\/03\/Classic-Dogs-Miami-Logo.png","contentUrl":"https:\/\/classicdogspetscare.com\/wp-content\/uploads\/2023\/03\/Classic-Dogs-Miami-Logo.png","width":244,"height":106,"caption":"Classic Dogs Pets Care"},"image":{"@id":"https:\/\/classicdogspetscare.com\/#\/schema\/logo\/image\/"},"sameAs":["https:\/\/www.facebook.com\/classicdogsmiami","https:\/\/x.com\/classicdogsMIA","https:\/\/www.instagram.com\/classicdogsmiami\/"]}]}},"jetpack_sharing_enabled":true,"_links":{"self":[{"href":"https:\/\/classicdogspetscare.com\/es\/wp-json\/wp\/v2\/product\/1555","targetHints":{"allow":["GET"]}}],"collection":[{"href":"https:\/\/classicdogspetscare.com\/es\/wp-json\/wp\/v2\/product"}],"about":[{"href":"https:\/\/classicdogspetscare.com\/es\/wp-json\/wp\/v2\/types\/product"}],"wp:featuredmedia":[{"embeddable":true,"href":"https:\/\/classicdogspetscare.com\/es\/wp-json\/wp\/v2\/media\/1556"}],"wp:attachment":[{"href":"https:\/\/classicdogspetscare.com\/es\/wp-json\/wp\/v2\/media?parent=1555"}],"wp:term":[{"taxonomy":"product_brand","embeddable":true,"href":"https:\/\/classicdogspetscare.com\/es\/wp-json\/wp\/v2\/product_brand?post=1555"},{"taxonomy":"product_cat","embeddable":true,"href":"https:\/\/classicdogspetscare.com\/es\/wp-json\/wp\/v2\/product_cat?post=1555"},{"taxonomy":"product_tag","embeddable":true,"href":"https:\/\/classicdogspetscare.com\/es\/wp-json\/wp\/v2\/product_tag?post=1555"}],"curies":[{"name":"wp","href":"https:\/\/api.w.org\/{rel}","templated":true}]}}