{"id":2319,"date":"2025-05-06T11:01:28","date_gmt":"2025-05-06T15:01:28","guid":{"rendered":"https:\/\/classicdogspetscare.com\/?post_type=product&#038;p=2319"},"modified":"2025-05-06T11:05:55","modified_gmt":"2025-05-06T15:05:55","slug":"grooming-package-bronze-medium-sizes","status":"publish","type":"product","link":"https:\/\/classicdogspetscare.com\/es\/producto\/grooming-package-bronze-medium-sizes\/","title":{"rendered":"Grooming Package &#8211; Bronze &#8211; Medium Sizes"},"content":{"rendered":"<p data-sourcepos=\"11:1-11:260\">Consiente a tu perro de tama\u00f1o mediano con lo \u00faltimo en cuidado y comodidad con nuestro <strong>Grooming Package &#8211; Bronze &#8211; Medium Sizes<\/strong>. Este paquete premium est\u00e1 dise\u00f1ado para que tu amado compa\u00f1ero se vea y se sienta fant\u00e1stico todo el mes. Incluye:<\/p>\n<ul data-sourcepos=\"13:1-16:0\">\n<li data-sourcepos=\"13:1-13:261\"><strong>1 Sesi\u00f3n de peluqueria completa:<\/strong>\u00a0Our expert groomers will provide one complete grooming session per month, tailored to your dog\u2019s breed and specific needs. This includes haircut, brushing, nail trims, ear cleaning, and more, ensuring they always look their absolute best.<\/li>\n<li data-sourcepos=\"14:1-14:195\"><strong>1 ba\u00f1o completo:<\/strong>\u00a0Mant\u00e9n a tu cachorro fresco y limpio con un ba\u00f1o completo al mes. Usamos champ\u00fas y acondicionadores suaves y de alta calidad para dejar su pelaje sano, brillante y con un aroma maravilloso.<\/li>\n<li data-sourcepos=\"15:1-16:0\"><strong>1 servicio cada dos semanas\/meses:<\/strong>\u00a0Elige\u00a0<em>un<\/em>\u00a0servicio adicional cada dos semanas (o repartidos a lo largo del mes). Estos pueden ser un cepillado r\u00e1pido, un retoque de u\u00f1as, cepillado de dientes o un corte higi\u00e9nico, ideales para mantener su higiene y comodidad entre cortes completos.<\/li>\n<\/ul>\n<p><span style=\"font-size: 16px;\">With the Grooming Pacakge &#8211; Bronze &#8211; Medium Sizes, you&#8217;ll enjoy:<\/span><\/p>\n<ul data-sourcepos=\"19:1-23:0\">\n<li data-sourcepos=\"19:1-19:147\"><strong>Cuidado constante:<\/strong> D\u00edgale adi\u00f3s a las molestias de reservar citas individuales y aseg\u00farese de que su perro mediano reciba un cuidado regular y esencial.<\/li>\n<li data-sourcepos=\"20:1-20:90\"><strong>Ahorro de costos:<\/strong> Disfrute de ahorros significativos en comparaci\u00f3n con la reserva de cada servicio por separado.<\/li>\n<li data-sourcepos=\"21:1-21:109\"><strong>Conveniencia:<\/strong> Programe sus citas cuando le convenga y mantenga una rutina de cuidado constante.<\/li>\n<li data-sourcepos=\"22:1-23:0\"><strong>Un perro feliz y saludable:<\/strong> El aseo regular no solo hace que su perro luzca estupendo, sino que tambi\u00e9n contribuye a su salud y bienestar general.<\/li>\n<\/ul>\n<p data-sourcepos=\"24:1-24:124\">Reg\u00e1lale a tu perro mediano mimos y cuidados constantes.<\/p>","protected":false},"excerpt":{"rendered":"<p>Give your furry friend the VIP treatment! Our Bronze Package for Medium Sizes includes 1 full groom, 1 full bath, and\u00a0<em>un<\/em>\u00a0servicio de mimos cada dos semanas, para que luzcan y se sientan lo mejor posible.<\/p>","protected":false},"featured_media":2294,"template":"","meta":{"site-sidebar-layout":"default","site-content-layout":"","ast-site-content-layout":"default","site-content-style":"default","site-sidebar-style":"default","ast-global-header-display":"","ast-banner-title-visibility":"","ast-main-header-display":"","ast-hfb-above-header-display":"","ast-hfb-below-header-display":"","ast-hfb-mobile-header-display":"","site-post-title":"","ast-breadcrumbs-content":"","ast-featured-img":"","footer-sml-layout":"","ast-disable-related-posts":"","theme-transparent-header-meta":"default","adv-header-id-meta":"","stick-header-meta":"","header-above-stick-meta":"","header-main-stick-meta":"","header-below-stick-meta":"","astra-migrate-meta-layouts":"set","ast-page-background-enabled":"default","ast-page-background-meta":{"desktop":{"background-color":"","background-image":"","background-repeat":"repeat","background-position":"center center","background-size":"auto","background-attachment":"scroll","background-type":"","background-media":"","overlay-type":"","overlay-color":"","overlay-opacity":"","overlay-gradient":""},"tablet":{"background-color":"","background-image":"","background-repeat":"repeat","background-position":"center center","background-size":"auto","background-attachment":"scroll","background-type":"","background-media":"","overlay-type":"","overlay-color":"","overlay-opacity":"","overlay-gradient":""},"mobile":{"background-color":"","background-image":"","background-repeat":"repeat","background-position":"center center","background-size":"auto","background-attachment":"scroll","background-type":"","background-media":"","overlay-type":"","overlay-color":"","overlay-opacity":"","overlay-gradient":""}},"ast-content-background-meta":{"desktop":{"background-color":"var(--ast-global-color-5)","background-image":"","background-repeat":"repeat","background-position":"center center","background-size":"auto","background-attachment":"scroll","background-type":"","background-media":"","overlay-type":"","overlay-color":"","overlay-opacity":"","overlay-gradient":""},"tablet":{"background-color":"var(--ast-global-color-5)","background-image":"","background-repeat":"repeat","background-position":"center center","background-size":"auto","background-attachment":"scroll","background-type":"","background-media":"","overlay-type":"","overlay-color":"","overlay-opacity":"","overlay-gradient":""},"mobile":{"background-color":"var(--ast-global-color-5)","background-image":"","background-repeat":"repeat","background-position":"center center","background-size":"auto","background-attachment":"scroll","background-type":"","background-media":"","overlay-type":"","overlay-color":"","overlay-opacity":"","overlay-gradient":""}},"_joinchat":[]},"product_brand":[],"product_cat":[54,28,48,51],"product_tag":[],"class_list":{"0":"post-2319","1":"product","2":"type-product","3":"status-publish","4":"has-post-thumbnail","6":"product_cat-bronze","7":"product_cat-classic-dogs","8":"product_cat-grooming-packages","9":"product_cat-medium","10":"desktop-align-center","11":"tablet-align-left","12":"mobile-align-left","14":"first","15":"instock","16":"taxable","17":"shipping-taxable","18":"purchasable","19":"product-type-variable"},"yoast_head":"<!-- This site is optimized with the Yoast SEO plugin v27.2 - https:\/\/yoast.com\/product\/yoast-seo-wordpress\/ -->\n<title>Medium Dog Grooming Package - Bronze | Classic Dogs Pets Care<\/title>\n<meta name=\"description\" content=\"Treat your medium dog to the ultimate pampering! Our Bronze Grooming Package includes 1 full groom, 2 baths, and a weekly service.\" \/>\n<meta name=\"robots\" content=\"index, follow, max-snippet:-1, max-image-preview:large, max-video-preview:-1\" \/>\n<link rel=\"canonical\" href=\"https:\/\/classicdogspetscare.com\/es\/producto\/grooming-package-bronze-medium-sizes\/\" \/>\n<meta property=\"og:locale\" content=\"es_ES\" \/>\n<meta property=\"og:type\" content=\"article\" \/>\n<meta property=\"og:title\" content=\"Medium Dog Grooming Package - Bronze | Classic Dogs Pets Care\" \/>\n<meta property=\"og:description\" content=\"Treat your medium dog to the ultimate pampering! Our Bronze Grooming Package includes 1 full groom, 2 baths, and a weekly service.\" \/>\n<meta property=\"og:url\" content=\"https:\/\/classicdogspetscare.com\/es\/producto\/grooming-package-bronze-medium-sizes\/\" \/>\n<meta property=\"og:site_name\" content=\"Classic Dogs Pets Care\" \/>\n<meta property=\"article:publisher\" content=\"https:\/\/www.facebook.com\/classicdogsmiami\" \/>\n<meta property=\"article:modified_time\" content=\"2025-05-06T15:05:55+00:00\" \/>\n<meta property=\"og:image\" content=\"https:\/\/classicdogspetscare.com\/wp-content\/uploads\/2025\/05\/Classic-Dogs-Medium.webp\" \/>\n\t<meta property=\"og:image:width\" content=\"1024\" \/>\n\t<meta property=\"og:image:height\" content=\"1024\" \/>\n\t<meta property=\"og:image:type\" content=\"image\/webp\" \/>\n<meta name=\"twitter:card\" content=\"summary_large_image\" \/>\n<meta name=\"twitter:site\" content=\"@classicdogsMIA\" \/>\n<meta name=\"twitter:label1\" content=\"Tiempo de lectura\" \/>\n\t<meta name=\"twitter:data1\" content=\"2 minutos\" \/>\n<script type=\"application\/ld+json\" class=\"yoast-schema-graph\">{\"@context\":\"https:\/\/schema.org\",\"@graph\":[{\"@type\":\"WebPage\",\"@id\":\"https:\/\/classicdogspetscare.com\/product\/grooming-package-bronze-medium-sizes\/\",\"url\":\"https:\/\/classicdogspetscare.com\/product\/grooming-package-bronze-medium-sizes\/\",\"name\":\"Medium Dog Grooming Package - Bronze | Classic Dogs Pets Care\",\"isPartOf\":{\"@id\":\"https:\/\/classicdogspetscare.com\/#website\"},\"primaryImageOfPage\":{\"@id\":\"https:\/\/classicdogspetscare.com\/product\/grooming-package-bronze-medium-sizes\/#primaryimage\"},\"image\":{\"@id\":\"https:\/\/classicdogspetscare.com\/product\/grooming-package-bronze-medium-sizes\/#primaryimage\"},\"thumbnailUrl\":\"https:\/\/classicdogspetscare.com\/wp-content\/uploads\/2025\/05\/Classic-Dogs-Medium.webp\",\"datePublished\":\"2025-05-06T15:01:28+00:00\",\"dateModified\":\"2025-05-06T15:05:55+00:00\",\"description\":\"Treat your medium dog to the ultimate pampering! Our Bronze Grooming Package includes 1 full groom, 2 baths, and a weekly service.\",\"breadcrumb\":{\"@id\":\"https:\/\/classicdogspetscare.com\/product\/grooming-package-bronze-medium-sizes\/#breadcrumb\"},\"inLanguage\":\"es\",\"potentialAction\":[{\"@type\":\"ReadAction\",\"target\":[\"https:\/\/classicdogspetscare.com\/product\/grooming-package-bronze-medium-sizes\/\"]}]},{\"@type\":\"ImageObject\",\"inLanguage\":\"es\",\"@id\":\"https:\/\/classicdogspetscare.com\/product\/grooming-package-bronze-medium-sizes\/#primaryimage\",\"url\":\"https:\/\/classicdogspetscare.com\/wp-content\/uploads\/2025\/05\/Classic-Dogs-Medium.webp\",\"contentUrl\":\"https:\/\/classicdogspetscare.com\/wp-content\/uploads\/2025\/05\/Classic-Dogs-Medium.webp\",\"width\":1024,\"height\":1024},{\"@type\":\"BreadcrumbList\",\"@id\":\"https:\/\/classicdogspetscare.com\/product\/grooming-package-bronze-medium-sizes\/#breadcrumb\",\"itemListElement\":[{\"@type\":\"ListItem\",\"position\":1,\"name\":\"Home\",\"item\":\"https:\/\/classicdogspetscare.com\/\"},{\"@type\":\"ListItem\",\"position\":2,\"name\":\"Shop\",\"item\":\"https:\/\/classicdogspetscare.com\/shop\/\"},{\"@type\":\"ListItem\",\"position\":3,\"name\":\"Grooming Package &#8211; Bronze &#8211; Medium Sizes\"}]},{\"@type\":\"WebSite\",\"@id\":\"https:\/\/classicdogspetscare.com\/#website\",\"url\":\"https:\/\/classicdogspetscare.com\/\",\"name\":\"Classic Dogs Pets Care\",\"description\":\"More than Grooming\",\"publisher\":{\"@id\":\"https:\/\/classicdogspetscare.com\/#organization\"},\"potentialAction\":[{\"@type\":\"SearchAction\",\"target\":{\"@type\":\"EntryPoint\",\"urlTemplate\":\"https:\/\/classicdogspetscare.com\/?s={search_term_string}\"},\"query-input\":{\"@type\":\"PropertyValueSpecification\",\"valueRequired\":true,\"valueName\":\"search_term_string\"}}],\"inLanguage\":\"es\"},{\"@type\":\"Organization\",\"@id\":\"https:\/\/classicdogspetscare.com\/#organization\",\"name\":\"Classic Dogs Pets Care\",\"url\":\"https:\/\/classicdogspetscare.com\/\",\"logo\":{\"@type\":\"ImageObject\",\"inLanguage\":\"es\",\"@id\":\"https:\/\/classicdogspetscare.com\/#\/schema\/logo\/image\/\",\"url\":\"https:\/\/classicdogspetscare.com\/wp-content\/uploads\/2023\/03\/Classic-Dogs-Miami-Logo.png\",\"contentUrl\":\"https:\/\/classicdogspetscare.com\/wp-content\/uploads\/2023\/03\/Classic-Dogs-Miami-Logo.png\",\"width\":244,\"height\":106,\"caption\":\"Classic Dogs Pets Care\"},\"image\":{\"@id\":\"https:\/\/classicdogspetscare.com\/#\/schema\/logo\/image\/\"},\"sameAs\":[\"https:\/\/www.facebook.com\/classicdogsmiami\",\"https:\/\/x.com\/classicdogsMIA\",\"https:\/\/www.instagram.com\/classicdogsmiami\/\"]}]}<\/script>\n<!-- \/ Yoast SEO plugin. -->","yoast_head_json":{"title":"Medium Dog Grooming Package - Bronze | Classic Dogs Pets Care","description":"Treat your medium dog to the ultimate pampering! Our Bronze Grooming Package includes 1 full groom, 2 baths, and a weekly service.","robots":{"index":"index","follow":"follow","max-snippet":"max-snippet:-1","max-image-preview":"max-image-preview:large","max-video-preview":"max-video-preview:-1"},"canonical":"https:\/\/classicdogspetscare.com\/es\/producto\/grooming-package-bronze-medium-sizes\/","og_locale":"es_ES","og_type":"article","og_title":"Medium Dog Grooming Package - Bronze | Classic Dogs Pets Care","og_description":"Treat your medium dog to the ultimate pampering! Our Bronze Grooming Package includes 1 full groom, 2 baths, and a weekly service.","og_url":"https:\/\/classicdogspetscare.com\/es\/producto\/grooming-package-bronze-medium-sizes\/","og_site_name":"Classic Dogs Pets Care","article_publisher":"https:\/\/www.facebook.com\/classicdogsmiami","article_modified_time":"2025-05-06T15:05:55+00:00","og_image":[{"width":1024,"height":1024,"url":"https:\/\/classicdogspetscare.com\/wp-content\/uploads\/2025\/05\/Classic-Dogs-Medium.webp","type":"image\/webp"}],"twitter_card":"summary_large_image","twitter_site":"@classicdogsMIA","twitter_misc":{"Tiempo de lectura":"2 minutos"},"schema":{"@context":"https:\/\/schema.org","@graph":[{"@type":"WebPage","@id":"https:\/\/classicdogspetscare.com\/product\/grooming-package-bronze-medium-sizes\/","url":"https:\/\/classicdogspetscare.com\/product\/grooming-package-bronze-medium-sizes\/","name":"Medium Dog Grooming Package - Bronze | Classic Dogs Pets Care","isPartOf":{"@id":"https:\/\/classicdogspetscare.com\/#website"},"primaryImageOfPage":{"@id":"https:\/\/classicdogspetscare.com\/product\/grooming-package-bronze-medium-sizes\/#primaryimage"},"image":{"@id":"https:\/\/classicdogspetscare.com\/product\/grooming-package-bronze-medium-sizes\/#primaryimage"},"thumbnailUrl":"https:\/\/classicdogspetscare.com\/wp-content\/uploads\/2025\/05\/Classic-Dogs-Medium.webp","datePublished":"2025-05-06T15:01:28+00:00","dateModified":"2025-05-06T15:05:55+00:00","description":"Treat your medium dog to the ultimate pampering! Our Bronze Grooming Package includes 1 full groom, 2 baths, and a weekly service.","breadcrumb":{"@id":"https:\/\/classicdogspetscare.com\/product\/grooming-package-bronze-medium-sizes\/#breadcrumb"},"inLanguage":"es","potentialAction":[{"@type":"ReadAction","target":["https:\/\/classicdogspetscare.com\/product\/grooming-package-bronze-medium-sizes\/"]}]},{"@type":"ImageObject","inLanguage":"es","@id":"https:\/\/classicdogspetscare.com\/product\/grooming-package-bronze-medium-sizes\/#primaryimage","url":"https:\/\/classicdogspetscare.com\/wp-content\/uploads\/2025\/05\/Classic-Dogs-Medium.webp","contentUrl":"https:\/\/classicdogspetscare.com\/wp-content\/uploads\/2025\/05\/Classic-Dogs-Medium.webp","width":1024,"height":1024},{"@type":"BreadcrumbList","@id":"https:\/\/classicdogspetscare.com\/product\/grooming-package-bronze-medium-sizes\/#breadcrumb","itemListElement":[{"@type":"ListItem","position":1,"name":"Home","item":"https:\/\/classicdogspetscare.com\/"},{"@type":"ListItem","position":2,"name":"Shop","item":"https:\/\/classicdogspetscare.com\/shop\/"},{"@type":"ListItem","position":3,"name":"Grooming Package &#8211; Bronze &#8211; Medium Sizes"}]},{"@type":"WebSite","@id":"https:\/\/classicdogspetscare.com\/#website","url":"https:\/\/classicdogspetscare.com\/","name":"Classic Dogs Pets Care","description":"More than Grooming","publisher":{"@id":"https:\/\/classicdogspetscare.com\/#organization"},"potentialAction":[{"@type":"SearchAction","target":{"@type":"EntryPoint","urlTemplate":"https:\/\/classicdogspetscare.com\/?s={search_term_string}"},"query-input":{"@type":"PropertyValueSpecification","valueRequired":true,"valueName":"search_term_string"}}],"inLanguage":"es"},{"@type":"Organization","@id":"https:\/\/classicdogspetscare.com\/#organization","name":"Classic Dogs Pets Care","url":"https:\/\/classicdogspetscare.com\/","logo":{"@type":"ImageObject","inLanguage":"es","@id":"https:\/\/classicdogspetscare.com\/#\/schema\/logo\/image\/","url":"https:\/\/classicdogspetscare.com\/wp-content\/uploads\/2023\/03\/Classic-Dogs-Miami-Logo.png","contentUrl":"https:\/\/classicdogspetscare.com\/wp-content\/uploads\/2023\/03\/Classic-Dogs-Miami-Logo.png","width":244,"height":106,"caption":"Classic Dogs Pets Care"},"image":{"@id":"https:\/\/classicdogspetscare.com\/#\/schema\/logo\/image\/"},"sameAs":["https:\/\/www.facebook.com\/classicdogsmiami","https:\/\/x.com\/classicdogsMIA","https:\/\/www.instagram.com\/classicdogsmiami\/"]}]}},"jetpack_sharing_enabled":true,"_links":{"self":[{"href":"https:\/\/classicdogspetscare.com\/es\/wp-json\/wp\/v2\/product\/2319","targetHints":{"allow":["GET"]}}],"collection":[{"href":"https:\/\/classicdogspetscare.com\/es\/wp-json\/wp\/v2\/product"}],"about":[{"href":"https:\/\/classicdogspetscare.com\/es\/wp-json\/wp\/v2\/types\/product"}],"wp:featuredmedia":[{"embeddable":true,"href":"https:\/\/classicdogspetscare.com\/es\/wp-json\/wp\/v2\/media\/2294"}],"wp:attachment":[{"href":"https:\/\/classicdogspetscare.com\/es\/wp-json\/wp\/v2\/media?parent=2319"}],"wp:term":[{"taxonomy":"product_brand","embeddable":true,"href":"https:\/\/classicdogspetscare.com\/es\/wp-json\/wp\/v2\/product_brand?post=2319"},{"taxonomy":"product_cat","embeddable":true,"href":"https:\/\/classicdogspetscare.com\/es\/wp-json\/wp\/v2\/product_cat?post=2319"},{"taxonomy":"product_tag","embeddable":true,"href":"https:\/\/classicdogspetscare.com\/es\/wp-json\/wp\/v2\/product_tag?post=2319"}],"curies":[{"name":"wp","href":"https:\/\/api.w.org\/{rel}","templated":true}]}}